{"id":12806,"date":"2020-07-20T11:46:08","date_gmt":"2020-08-21T13:41:17","guid":{"rendered":"https:\/\/chocoladejacques.be\/product\/tablette-creme-pistache-avec-chocolat-noir\/"},"modified":"2026-04-09T12:18:56","modified_gmt":"2026-04-09T10:18:56","slug":"tablette-creme-pistache-chocolat-noir","status":"publish","type":"product","link":"https:\/\/chocoladejacques.be\/fr\/produit\/tablette-creme-pistache-chocolat-noir\/","title":{"rendered":"Tablette Noir \u2013 Cr\u00e8me pistache, 200g"},"content":{"rendered":"<p>Le mariage entre le chocolat noir extra fin de Jacques et un fourrage \u00e0 la cr\u00e8me se d\u00e9cline en 5 variantes : Vanille, Banane, Vanille &amp; Framboise, Panach\u00e9 et Pistache.<\/p>\n","protected":false},"excerpt":{"rendered":"<p>Le mariage entre le chocolat noir extra fin de Jacques et un fourrage \u00e0 la cr\u00e8me se d\u00e9cline en 5 variantes : Vanille, Banane, Vanille &amp; Framboise, Panach\u00e9 et Pistache.<\/p>\n","protected":false},"featured_media":12807,"template":"","meta":{"_coblocks_attr":"","_coblocks_dimensions":"","_coblocks_responsive_height":"","_coblocks_accordion_ie_support":"","jetpack_post_was_ever_published":false,"jetpack_publicize_message":"","jetpack_publicize_feature_enabled":true,"jetpack_social_post_already_shared":true,"jetpack_social_options":{"image_generator_settings":{"template":"highway","default_image_id":0,"font":"","enabled":false},"version":2}},"product_cat":[20394,20396],"product_tag":[20244],"class_list":{"0":"post-12806","1":"product","2":"type-product","3":"status-publish","4":"has-post-thumbnail","6":"product_cat-snacking-fr","7":"product_cat-tablettes","8":"product_tag-pistache-fr","10":"first","11":"instock","12":"shipping-taxable","13":"purchasable","14":"product-type-simple"},"jetpack_publicize_connections":[],"jetpack_sharing_enabled":true,"_links":{"self":[{"href":"https:\/\/chocoladejacques.be\/fr\/wp-json\/wp\/v2\/product\/12806","targetHints":{"allow":["GET"]}}],"collection":[{"href":"https:\/\/chocoladejacques.be\/fr\/wp-json\/wp\/v2\/product"}],"about":[{"href":"https:\/\/chocoladejacques.be\/fr\/wp-json\/wp\/v2\/types\/product"}],"wp:featuredmedia":[{"embeddable":true,"href":"https:\/\/chocoladejacques.be\/fr\/wp-json\/wp\/v2\/media\/12807"}],"wp:attachment":[{"href":"https:\/\/chocoladejacques.be\/fr\/wp-json\/wp\/v2\/media?parent=12806"}],"wp:term":[{"taxonomy":"product_cat","embeddable":true,"href":"https:\/\/chocoladejacques.be\/fr\/wp-json\/wp\/v2\/product_cat?post=12806"},{"taxonomy":"product_tag","embeddable":true,"href":"https:\/\/chocoladejacques.be\/fr\/wp-json\/wp\/v2\/product_tag?post=12806"}],"curies":[{"name":"wp","href":"https:\/\/api.w.org\/{rel}","templated":true}]}}