{"id":13829,"date":"2021-05-17T13:54:49","date_gmt":"2021-05-17T11:54:49","guid":{"rendered":"https:\/\/chocoladejacques.be\/?post_type=product&#038;p=13829"},"modified":"2026-04-01T01:00:33","modified_gmt":"2026-03-31T23:00:33","slug":"lait-100g","status":"publish","type":"product","link":"https:\/\/chocoladejacques.be\/fr\/produit\/lait-100g\/","title":{"rendered":"Tablette Lait, 100g"},"content":{"rendered":"<p>Le choix de tous les jours. Les saveurs classiques de Jacques dans un format pratique et accessible. Sur le canap\u00e9 ou en d\u00e9placement, le bonheur pur chocolat \u00e0 port\u00e9e de main!<\/p>\n<p style=\"color: #e40040;\">\n","protected":false},"excerpt":{"rendered":"<p>Le choix de tous les jours. Les saveurs classiques de Jacques dans un format pratique et accessible. Sur le canap\u00e9 ou en d\u00e9placement, le bonheur pur chocolat \u00e0 port\u00e9e de main!<\/p>\n","protected":false},"featured_media":13760,"template":"","meta":{"_coblocks_attr":"","_coblocks_dimensions":"","_coblocks_responsive_height":"","_coblocks_accordion_ie_support":"","jetpack_post_was_ever_published":false,"jetpack_publicize_message":"","jetpack_publicize_feature_enabled":true,"jetpack_social_post_already_shared":true,"jetpack_social_options":{"image_generator_settings":{"template":"highway","default_image_id":0,"font":"","enabled":false},"version":2}},"product_cat":[20394,20396],"product_tag":[],"class_list":{"0":"post-13829","1":"product","2":"type-product","3":"status-publish","4":"has-post-thumbnail","6":"product_cat-snacking-fr","7":"product_cat-tablettes","9":"first","10":"instock","11":"shipping-taxable","12":"purchasable","13":"product-type-simple"},"jetpack_publicize_connections":[],"jetpack_sharing_enabled":true,"_links":{"self":[{"href":"https:\/\/chocoladejacques.be\/fr\/wp-json\/wp\/v2\/product\/13829","targetHints":{"allow":["GET"]}}],"collection":[{"href":"https:\/\/chocoladejacques.be\/fr\/wp-json\/wp\/v2\/product"}],"about":[{"href":"https:\/\/chocoladejacques.be\/fr\/wp-json\/wp\/v2\/types\/product"}],"wp:featuredmedia":[{"embeddable":true,"href":"https:\/\/chocoladejacques.be\/fr\/wp-json\/wp\/v2\/media\/13760"}],"wp:attachment":[{"href":"https:\/\/chocoladejacques.be\/fr\/wp-json\/wp\/v2\/media?parent=13829"}],"wp:term":[{"taxonomy":"product_cat","embeddable":true,"href":"https:\/\/chocoladejacques.be\/fr\/wp-json\/wp\/v2\/product_cat?post=13829"},{"taxonomy":"product_tag","embeddable":true,"href":"https:\/\/chocoladejacques.be\/fr\/wp-json\/wp\/v2\/product_tag?post=13829"}],"curies":[{"name":"wp","href":"https:\/\/api.w.org\/{rel}","templated":true}]}}